{"id":844,"date":"2021-03-04T10:40:48","date_gmt":"2021-03-04T08:40:48","guid":{"rendered":"https:\/\/www.boc.fi\/?page_id=844"},"modified":"2023-12-20T09:43:07","modified_gmt":"2023-12-20T07:43:07","slug":"inspiraatio","status":"publish","type":"page","link":"https:\/\/www.boc.fi\/fi\/inspiraatio\/","title":{"rendered":"Inspiraatio"},"content":{"rendered":"\t\t<div data-elementor-type=\"wp-page\" data-elementor-id=\"844\" class=\"elementor elementor-844 elementor-127\" data-elementor-post-type=\"page\">\n\t\t\t\t\t\t<section class=\"elementor-section elementor-top-section elementor-element elementor-element-19acb9e elementor-section-boxed elementor-section-height-default elementor-section-height-default\" data-id=\"19acb9e\" data-element_type=\"section\" data-e-type=\"section\" data-settings=\"{&quot;background_background&quot;:&quot;classic&quot;}\">\n\t\t\t\t\t\t\t<div class=\"elementor-background-overlay\"><\/div>\n\t\t\t\t\t\t\t<div class=\"elementor-container elementor-column-gap-no\">\n\t\t\t\t\t<div class=\"elementor-column elementor-col-100 elementor-top-column elementor-element elementor-element-50620a8\" data-id=\"50620a8\" data-element_type=\"column\" data-e-type=\"column\">\n\t\t\t<div class=\"elementor-widget-wrap\">\n\t\t\t\t\t\t\t<\/div>\n\t\t<\/div>\n\t\t\t\t\t<\/div>\n\t\t<\/section>\n\t\t\t\t<section class=\"elementor-section elementor-top-section elementor-element elementor-element-a5e7433 elementor-section-boxed elementor-section-height-default elementor-section-height-default\" data-id=\"a5e7433\" data-element_type=\"section\" data-e-type=\"section\">\n\t\t\t\t\t\t<div class=\"elementor-container elementor-column-gap-default\">\n\t\t\t\t\t<div class=\"elementor-column elementor-col-100 elementor-top-column elementor-element elementor-element-0891b71\" data-id=\"0891b71\" data-element_type=\"column\" data-e-type=\"column\">\n\t\t\t<div class=\"elementor-widget-wrap elementor-element-populated\">\n\t\t\t\t\t\t<div class=\"elementor-element elementor-element-6cf0224 elementor-widget elementor-widget-heading\" data-id=\"6cf0224\" data-element_type=\"widget\" data-e-type=\"widget\" data-widget_type=\"heading.default\">\n\t\t\t\t<div class=\"elementor-widget-container\">\n\t\t\t\t\t<h6 class=\"elementor-heading-title elementor-size-default\">Inspiraatio<\/h6>\t\t\t\t<\/div>\n\t\t\t\t<\/div>\n\t\t\t\t<div class=\"elementor-element elementor-element-92c8266 uael-post__link-complete-yes elementor-widget elementor-widget-uael-posts\" data-id=\"92c8266\" data-element_type=\"widget\" data-e-type=\"widget\" data-settings=\"{&quot;feed_slides_to_show_tablet&quot;:2,&quot;feed_slides_to_show_mobile&quot;:1,&quot;feed_show_filters&quot;:&quot;no&quot;}\" data-widget_type=\"uael-posts.feed\">\n\t\t\t\t<div class=\"elementor-widget-container\">\n\t\t\t\t\t\t\t<div class=\"uael-post__header\">\n\t\t\t\t\t<\/div>\n\t\t<div class=\"uael-post__body\">\n\t\t\t\n\t\t\n\t\t<div class=\"uael-post-grid uael-posts\" data-query-type=\"custom\" data-structure=\"\" data-layout=\"\" data-page=\"844\" data-skin=\"feed\" data-filter-default=\"\" data-offset-top=\"30\" >\n\n\t\t\t\t\t\t\t<div class=\"uael-post-grid__inner uael-post__columns-1 uael-post__columns-tablet-1 uael-post__columns-mobile-1\">\n\t\t\t\n\n<div class=\"uael-post-wrapper  case \">\n\n\t<div class=\"uael-post__bg-wrap\">\n\t\t\t\t\t<a href=\"https:\/\/www.boc.fi\/fi\/case\/case-climecon\/\" target=\"_self\" class=\"uael-post__complete-box-overlay\" aria-label=\"Link Complete Box\"><\/a>\n\t\t\n\t\t\n\t\t<div class=\"uael-post__inner-wrap \">\n\n\t\t\t\t<div class=\"uael-post__thumbnail\">\n\t\t\t\n\t\t\t<a href=\"https:\/\/www.boc.fi\/fi\/case\/case-climecon\/\" target=\"_self\" title=\"Case: Climecon\"><img fetchpriority=\"high\" decoding=\"async\" width=\"768\" height=\"576\" src=\"https:\/\/www.boc.fi\/wp-content\/uploads\/2023\/01\/huuva-messu-768x576.jpg\" class=\"attachment-medium_large size-medium_large wp-image-2012\" alt=\"\" srcset=\"https:\/\/www.boc.fi\/wp-content\/uploads\/2023\/01\/huuva-messu-768x576.jpg 768w, https:\/\/www.boc.fi\/wp-content\/uploads\/2023\/01\/huuva-messu-300x225.jpg 300w, https:\/\/www.boc.fi\/wp-content\/uploads\/2023\/01\/huuva-messu-1024x768.jpg 1024w, https:\/\/www.boc.fi\/wp-content\/uploads\/2023\/01\/huuva-messu-1536x1152.jpg 1536w, https:\/\/www.boc.fi\/wp-content\/uploads\/2023\/01\/huuva-messu-2048x1536.jpg 2048w\" sizes=\"(max-width: 768px) 100vw, 768px\" \/><\/a>\n\t\t\t\t\t<\/div>\n\t\t\n\t\t\t\n\t\t\t<div class=\"uael-post__content-wrap\">\n\n\t\t\t<span class=\"uael-post__terms\"><a href=\"https:\/\/www.boc.fi\/fi\/category\/case\/\" class=\"uael-listing__terms-link\" id=\"uael-post-term-case\" aria-labelledby=\"uael-post-term-case\">Case<\/a><\/span>\t\t<h3 class=\"uael-post__title\">\n\n\t\t\n\t\t\t\t\t\t<a href=\"https:\/\/www.boc.fi\/fi\/case\/case-climecon\/\" target=\"_self\">\n\t\t\t\tCase: Climecon\t\t\t<\/a>\n\n\t\t\t\t<\/h3>\n\t\t<div class=\"uael-post__separator\"><\/div>\n\t\t<div class=\"uael-post__excerpt\">\n\t\t\tRuostumattoman ter\u00e4ksen kemiallinen mustaaminen teki vaikutuksen my\u00f6s Climecon Oy:n Ville Wallendahriin. Yritys on erikoistunut sis\u00e4ilmamuotoiluun ja asiakkaina ovat huippuravintolat ja hotellit. Yritysten v\u00e4linen yhteisty\u00f6 sai ...\t\t<\/div>\n\n\t\t\t\t\t<div class=\"uael-post__meta-data\">\n\t\t\t\t\t<\/div>\n\t\t\t\t\t<\/div>\n\t\t\t\n\t\t<\/div>\n\t\t\n\t<\/div>\n\n<\/div>\n\n\n<div class=\"uael-post-wrapper  case \">\n\n\t<div class=\"uael-post__bg-wrap\">\n\t\t\t\t\t<a href=\"https:\/\/www.boc.fi\/fi\/case\/case-hotel-u14\/\" target=\"_self\" class=\"uael-post__complete-box-overlay\" aria-label=\"Link Complete Box\"><\/a>\n\t\t\n\t\t\n\t\t<div class=\"uael-post__inner-wrap \">\n\n\t\t\t\t<div class=\"uael-post__thumbnail\">\n\t\t\t\n\t\t\t<a href=\"https:\/\/www.boc.fi\/fi\/case\/case-hotel-u14\/\" target=\"_self\" title=\"Case: Hotel U14\"><img decoding=\"async\" width=\"768\" height=\"512\" src=\"https:\/\/www.boc.fi\/wp-content\/uploads\/2022\/06\/takka-2_b-vaaka_web-768x512.jpg\" class=\"attachment-medium_large size-medium_large wp-image-1864\" alt=\"\" srcset=\"https:\/\/www.boc.fi\/wp-content\/uploads\/2022\/06\/takka-2_b-vaaka_web-768x512.jpg 768w, https:\/\/www.boc.fi\/wp-content\/uploads\/2022\/06\/takka-2_b-vaaka_web-300x200.jpg 300w, https:\/\/www.boc.fi\/wp-content\/uploads\/2022\/06\/takka-2_b-vaaka_web-1024x683.jpg 1024w, https:\/\/www.boc.fi\/wp-content\/uploads\/2022\/06\/takka-2_b-vaaka_web-1536x1024.jpg 1536w, https:\/\/www.boc.fi\/wp-content\/uploads\/2022\/06\/takka-2_b-vaaka_web-2048x1366.jpg 2048w\" sizes=\"(max-width: 768px) 100vw, 768px\" \/><\/a>\n\t\t\t\t\t<\/div>\n\t\t\n\t\t\t\n\t\t\t<div class=\"uael-post__content-wrap\">\n\n\t\t\t<span class=\"uael-post__terms\"><a href=\"https:\/\/www.boc.fi\/fi\/category\/case\/\" class=\"uael-listing__terms-link\" id=\"uael-post-term-case\" aria-labelledby=\"uael-post-term-case\">Case<\/a><\/span>\t\t<h3 class=\"uael-post__title\">\n\n\t\t\n\t\t\t\t\t\t<a href=\"https:\/\/www.boc.fi\/fi\/case\/case-hotel-u14\/\" target=\"_self\">\n\t\t\t\tCase: Hotel U14\t\t\t<\/a>\n\n\t\t\t\t<\/h3>\n\t\t<div class=\"uael-post__separator\"><\/div>\n\t\t<div class=\"uael-post__excerpt\">\n\t\t\tCase: Hotel U14 Kohde ja sijainti: Hotel U14, Unioninkatu 14, 00130 Helsinki Helsingiss\u00e4, aivan Esplanadin ja Kauppatorin kupeessa, sijaitsee viihtyis\u00e4 boutique-hotelli Hotel U14 sek\u00e4 sen ...\t\t<\/div>\n\n\t\t\t\t\t<div class=\"uael-post__meta-data\">\n\t\t\t\t\t<\/div>\n\t\t\t\t\t<\/div>\n\t\t\t\n\t\t<\/div>\n\t\t\n\t<\/div>\n\n<\/div>\n\n\n<div class=\"uael-post-wrapper  case \">\n\n\t<div class=\"uael-post__bg-wrap\">\n\t\t\t\t\t<a href=\"https:\/\/www.boc.fi\/fi\/case\/case-the-baro\/\" target=\"_self\" class=\"uael-post__complete-box-overlay\" aria-label=\"Link Complete Box\"><\/a>\n\t\t\n\t\t\n\t\t<div class=\"uael-post__inner-wrap \">\n\n\t\t\t\t<div class=\"uael-post__thumbnail\">\n\t\t\t\n\t\t\t<a href=\"https:\/\/www.boc.fi\/fi\/case\/case-the-baro\/\" target=\"_self\" title=\"Case: The Bar\u00f6\"><img decoding=\"async\" width=\"768\" height=\"512\" src=\"https:\/\/www.boc.fi\/wp-content\/uploads\/2021\/10\/boc_baro-32_b_web-768x512.jpg\" class=\"attachment-medium_large size-medium_large wp-image-1662\" alt=\"\" srcset=\"https:\/\/www.boc.fi\/wp-content\/uploads\/2021\/10\/boc_baro-32_b_web-768x512.jpg 768w, https:\/\/www.boc.fi\/wp-content\/uploads\/2021\/10\/boc_baro-32_b_web-300x200.jpg 300w, https:\/\/www.boc.fi\/wp-content\/uploads\/2021\/10\/boc_baro-32_b_web-1024x683.jpg 1024w, https:\/\/www.boc.fi\/wp-content\/uploads\/2021\/10\/boc_baro-32_b_web-1536x1024.jpg 1536w, https:\/\/www.boc.fi\/wp-content\/uploads\/2021\/10\/boc_baro-32_b_web.jpg 1800w\" sizes=\"(max-width: 768px) 100vw, 768px\" \/><\/a>\n\t\t\t\t\t<\/div>\n\t\t\n\t\t\t\n\t\t\t<div class=\"uael-post__content-wrap\">\n\n\t\t\t<span class=\"uael-post__terms\"><a href=\"https:\/\/www.boc.fi\/fi\/category\/case\/\" class=\"uael-listing__terms-link\" id=\"uael-post-term-case\" aria-labelledby=\"uael-post-term-case\">Case<\/a><\/span>\t\t<h3 class=\"uael-post__title\">\n\n\t\t\n\t\t\t\t\t\t<a href=\"https:\/\/www.boc.fi\/fi\/case\/case-the-baro\/\" target=\"_self\">\n\t\t\t\tCase: The Bar\u00f6\t\t\t<\/a>\n\n\t\t\t\t<\/h3>\n\t\t<div class=\"uael-post__separator\"><\/div>\n\t\t<div class=\"uael-post__excerpt\">\n\t\t\tCase: The Bar\u00f6 Kohde ja sijainti:The Bar\u00f6 saaristohotelli, Bar\u00f6sundintie 679, 10270 Inkoo The Bar\u00f6n sisustuksessa esille p\u00e4\u00e4sev\u00e4t aidot materiaalit. My\u00f6s kotimaisuus on ollut t\u00e4rke\u00e4ss\u00e4 roolissa ...\t\t<\/div>\n\n\t\t\t\t\t<div class=\"uael-post__meta-data\">\n\t\t\t\t\t<\/div>\n\t\t\t\t\t<\/div>\n\t\t\t\n\t\t<\/div>\n\t\t\n\t<\/div>\n\n<\/div>\n\n\n<div class=\"uael-post-wrapper  case \">\n\n\t<div class=\"uael-post__bg-wrap\">\n\t\t\t\t\t<a href=\"https:\/\/www.boc.fi\/fi\/case\/case-gillet\/\" target=\"_self\" class=\"uael-post__complete-box-overlay\" aria-label=\"Link Complete Box\"><\/a>\n\t\t\n\t\t\n\t\t<div class=\"uael-post__inner-wrap \">\n\n\t\t\t\t<div class=\"uael-post__thumbnail\">\n\t\t\t\n\t\t\t<a href=\"https:\/\/www.boc.fi\/fi\/case\/case-gillet\/\" target=\"_self\" title=\"Case: gillet\"><img loading=\"lazy\" decoding=\"async\" width=\"768\" height=\"512\" src=\"https:\/\/www.boc.fi\/wp-content\/uploads\/2021\/10\/gillet-47_web-768x512.jpg\" class=\"attachment-medium_large size-medium_large wp-image-1638\" alt=\"\" srcset=\"https:\/\/www.boc.fi\/wp-content\/uploads\/2021\/10\/gillet-47_web-768x512.jpg 768w, https:\/\/www.boc.fi\/wp-content\/uploads\/2021\/10\/gillet-47_web-300x200.jpg 300w, https:\/\/www.boc.fi\/wp-content\/uploads\/2021\/10\/gillet-47_web-1024x683.jpg 1024w, https:\/\/www.boc.fi\/wp-content\/uploads\/2021\/10\/gillet-47_web-1536x1024.jpg 1536w, https:\/\/www.boc.fi\/wp-content\/uploads\/2021\/10\/gillet-47_web-2048x1365.jpg 2048w\" sizes=\"(max-width: 768px) 100vw, 768px\" \/><\/a>\n\t\t\t\t\t<\/div>\n\t\t\n\t\t\t\n\t\t\t<div class=\"uael-post__content-wrap\">\n\n\t\t\t<span class=\"uael-post__terms\"><a href=\"https:\/\/www.boc.fi\/fi\/category\/case\/\" class=\"uael-listing__terms-link\" id=\"uael-post-term-case\" aria-labelledby=\"uael-post-term-case\">Case<\/a><\/span>\t\t<h3 class=\"uael-post__title\">\n\n\t\t\n\t\t\t\t\t\t<a href=\"https:\/\/www.boc.fi\/fi\/case\/case-gillet\/\" target=\"_self\">\n\t\t\t\tCase: gillet\t\t\t<\/a>\n\n\t\t\t\t<\/h3>\n\t\t<div class=\"uael-post__separator\"><\/div>\n\t\t<div class=\"uael-post__excerpt\">\n\t\t\tCase: Handelsgillet i Helsingfors rf Kohde ja sijainti: \u00d6msesidiga Fasteighetsbolaget, Kaserngatan \/ Kasarminkatu 23, Helsinki Helsingiss\u00e4 Kasarminkadulla p\u00e4\u00e4see ihailemaan BOC Raven pintaa kiinteist\u00f6n sis\u00e4pihan kantavien ...\t\t<\/div>\n\n\t\t\t\t\t<div class=\"uael-post__meta-data\">\n\t\t\t\t\t<\/div>\n\t\t\t\t\t<\/div>\n\t\t\t\n\t\t<\/div>\n\t\t\n\t<\/div>\n\n<\/div>\n\t\t\t\t<\/div>\n\t\t\t\t\t\t\n\t\t<\/div>\n\n\t\t\t\t\t\t<\/div>\n\t\t<div class=\"uael-post__footer\">\n\t\t\t\t\t<\/div>\n\t\t\t\t\t\t<\/div>\n\t\t\t\t<\/div>\n\t\t\t\t\t<\/div>\n\t\t<\/div>\n\t\t\t\t\t<\/div>\n\t\t<\/section>\n\t\t\t\t<\/div>\n\t\t","protected":false},"excerpt":{"rendered":"<p>Inspiraatio Case Case: Climecon The chemical blackening of stainless steel also made an impression on Ville Wallendahr of Climecon Oy. The company specializes in indoor air design and its &#8230; Case Case: Hotel U14 Case: HOTEL U14 Site and location: Hotel U14, Unioninkatu 14, 00130 Helsinki The pleasant boutique hotel Hotel U14 and its California-style [&hellip;]<\/p>\n","protected":false},"author":1,"featured_media":0,"parent":0,"menu_order":0,"comment_status":"closed","ping_status":"closed","template":"","meta":{"site-sidebar-layout":"no-sidebar","site-content-layout":"page-builder","ast-site-content-layout":"default","site-content-style":"default","site-sidebar-style":"default","ast-global-header-display":"","ast-banner-title-visibility":"","ast-main-header-display":"","ast-hfb-above-header-display":"","ast-hfb-below-header-display":"","ast-hfb-mobile-header-display":"","site-post-title":"disabled","ast-breadcrumbs-content":"","ast-featured-img":"disabled","footer-sml-layout":"","ast-disable-related-posts":"","theme-transparent-header-meta":"enabled","adv-header-id-meta":"","stick-header-meta":"","header-above-stick-meta":"","header-main-stick-meta":"","header-below-stick-meta":"","astra-migrate-meta-layouts":"default","ast-page-background-enabled":"default","ast-page-background-meta":{"desktop":{"background-color":"","background-image":"","background-repeat":"repeat","background-position":"center center","background-size":"auto","background-attachment":"scroll","background-type":"","background-media":"","overlay-type":"","overlay-color":"","overlay-opacity":"","overlay-gradient":""},"tablet":{"background-color":"","background-image":"","background-repeat":"repeat","background-position":"center center","background-size":"auto","background-attachment":"scroll","background-type":"","background-media":"","overlay-type":"","overlay-color":"","overlay-opacity":"","overlay-gradient":""},"mobile":{"background-color":"","background-image":"","background-repeat":"repeat","background-position":"center center","background-size":"auto","background-attachment":"scroll","background-type":"","background-media":"","overlay-type":"","overlay-color":"","overlay-opacity":"","overlay-gradient":""}},"ast-content-background-meta":{"desktop":{"background-color":"var(--ast-global-color-5)","background-image":"","background-repeat":"repeat","background-position":"center center","background-size":"auto","background-attachment":"scroll","background-type":"","background-media":"","overlay-type":"","overlay-color":"","overlay-opacity":"","overlay-gradient":""},"tablet":{"background-color":"var(--ast-global-color-5)","background-image":"","background-repeat":"repeat","background-position":"center center","background-size":"auto","background-attachment":"scroll","background-type":"","background-media":"","overlay-type":"","overlay-color":"","overlay-opacity":"","overlay-gradient":""},"mobile":{"background-color":"var(--ast-global-color-5)","background-image":"","background-repeat":"repeat","background-position":"center center","background-size":"auto","background-attachment":"scroll","background-type":"","background-media":"","overlay-type":"","overlay-color":"","overlay-opacity":"","overlay-gradient":""}},"footnotes":""},"class_list":["post-844","page","type-page","status-publish","hentry"],"yoast_head":"<!-- This site is optimized with the Yoast SEO plugin v27.4 - https:\/\/yoast.com\/product\/yoast-seo-wordpress\/ -->\n<title>Inspiraatio - Black Oxide Coatings<\/title>\n<meta name=\"description\" content=\"Kemiallisen mustauksen ainutlaatuinen ulkon\u00e4k\u00f6 on vuosien varrella her\u00e4tt\u00e4nyt rakentajien, arkkitehtien ja suunnittelijoiden mielenkiinnon.\" \/>\n<meta name=\"robots\" content=\"index, follow, max-snippet:-1, max-image-preview:large, max-video-preview:-1\" \/>\n<link rel=\"canonical\" href=\"https:\/\/www.boc.fi\/inspiration\/\" \/>\n<meta property=\"og:locale\" content=\"fi_FI\" \/>\n<meta property=\"og:type\" content=\"article\" \/>\n<meta property=\"og:title\" content=\"Inspiraatio - Black Oxide Coatings\" \/>\n<meta property=\"og:description\" content=\"Kemiallisen mustauksen ainutlaatuinen ulkon\u00e4k\u00f6 on vuosien varrella her\u00e4tt\u00e4nyt rakentajien, arkkitehtien ja suunnittelijoiden mielenkiinnon.\" \/>\n<meta property=\"og:url\" content=\"https:\/\/www.boc.fi\/inspiration\/\" \/>\n<meta property=\"og:site_name\" content=\"Black Oxide Coatings\" \/>\n<meta property=\"article:modified_time\" content=\"2023-12-20T07:43:07+00:00\" \/>\n<meta property=\"og:image\" content=\"https:\/\/www.boc.fi\/wp-content\/uploads\/2023\/01\/huuva-messu-768x576.jpg\" \/>\n<meta name=\"twitter:card\" content=\"summary_large_image\" \/>\n<meta name=\"twitter:label1\" content=\"Est. reading time\" \/>\n\t<meta name=\"twitter:data1\" content=\"2 minuuttia\" \/>\n<script type=\"application\/ld+json\" class=\"yoast-schema-graph\">{\"@context\":\"https:\\\/\\\/schema.org\",\"@graph\":[{\"@type\":\"WebPage\",\"@id\":\"https:\\\/\\\/www.boc.fi\\\/inspiration\\\/\",\"url\":\"https:\\\/\\\/www.boc.fi\\\/inspiration\\\/\",\"name\":\"Inspiraatio - Black Oxide Coatings\",\"isPartOf\":{\"@id\":\"https:\\\/\\\/www.boc.fi\\\/#website\"},\"primaryImageOfPage\":{\"@id\":\"https:\\\/\\\/www.boc.fi\\\/inspiration\\\/#primaryimage\"},\"image\":{\"@id\":\"https:\\\/\\\/www.boc.fi\\\/inspiration\\\/#primaryimage\"},\"thumbnailUrl\":\"https:\\\/\\\/www.boc.fi\\\/wp-content\\\/uploads\\\/2023\\\/01\\\/huuva-messu-768x576.jpg\",\"datePublished\":\"2021-03-04T08:40:48+00:00\",\"dateModified\":\"2023-12-20T07:43:07+00:00\",\"description\":\"Kemiallisen mustauksen ainutlaatuinen ulkon\u00e4k\u00f6 on vuosien varrella her\u00e4tt\u00e4nyt rakentajien, arkkitehtien ja suunnittelijoiden mielenkiinnon.\",\"breadcrumb\":{\"@id\":\"https:\\\/\\\/www.boc.fi\\\/inspiration\\\/#breadcrumb\"},\"inLanguage\":\"fi\",\"potentialAction\":[{\"@type\":\"ReadAction\",\"target\":[\"https:\\\/\\\/www.boc.fi\\\/inspiration\\\/\"]}]},{\"@type\":\"ImageObject\",\"inLanguage\":\"fi\",\"@id\":\"https:\\\/\\\/www.boc.fi\\\/inspiration\\\/#primaryimage\",\"url\":\"https:\\\/\\\/www.boc.fi\\\/wp-content\\\/uploads\\\/2023\\\/01\\\/huuva-messu-768x576.jpg\",\"contentUrl\":\"https:\\\/\\\/www.boc.fi\\\/wp-content\\\/uploads\\\/2023\\\/01\\\/huuva-messu-768x576.jpg\"},{\"@type\":\"BreadcrumbList\",\"@id\":\"https:\\\/\\\/www.boc.fi\\\/inspiration\\\/#breadcrumb\",\"itemListElement\":[{\"@type\":\"ListItem\",\"position\":1,\"name\":\"Home\",\"item\":\"https:\\\/\\\/www.boc.fi\\\/fi\\\/home\\\/\"},{\"@type\":\"ListItem\",\"position\":2,\"name\":\"Inspiraatio\"}]},{\"@type\":\"WebSite\",\"@id\":\"https:\\\/\\\/www.boc.fi\\\/#website\",\"url\":\"https:\\\/\\\/www.boc.fi\\\/\",\"name\":\"Black Oxide Coatings\",\"description\":\"\",\"potentialAction\":[{\"@type\":\"SearchAction\",\"target\":{\"@type\":\"EntryPoint\",\"urlTemplate\":\"https:\\\/\\\/www.boc.fi\\\/?s={search_term_string}\"},\"query-input\":{\"@type\":\"PropertyValueSpecification\",\"valueRequired\":true,\"valueName\":\"search_term_string\"}}],\"inLanguage\":\"fi\"}]}<\/script>\n<!-- \/ Yoast SEO plugin. -->","yoast_head_json":{"title":"Inspiraatio - Black Oxide Coatings","description":"Kemiallisen mustauksen ainutlaatuinen ulkon\u00e4k\u00f6 on vuosien varrella her\u00e4tt\u00e4nyt rakentajien, arkkitehtien ja suunnittelijoiden mielenkiinnon.","robots":{"index":"index","follow":"follow","max-snippet":"max-snippet:-1","max-image-preview":"max-image-preview:large","max-video-preview":"max-video-preview:-1"},"canonical":"https:\/\/www.boc.fi\/inspiration\/","og_locale":"fi_FI","og_type":"article","og_title":"Inspiraatio - Black Oxide Coatings","og_description":"Kemiallisen mustauksen ainutlaatuinen ulkon\u00e4k\u00f6 on vuosien varrella her\u00e4tt\u00e4nyt rakentajien, arkkitehtien ja suunnittelijoiden mielenkiinnon.","og_url":"https:\/\/www.boc.fi\/inspiration\/","og_site_name":"Black Oxide Coatings","article_modified_time":"2023-12-20T07:43:07+00:00","og_image":[{"url":"https:\/\/www.boc.fi\/wp-content\/uploads\/2023\/01\/huuva-messu-768x576.jpg","type":"","width":"","height":""}],"twitter_card":"summary_large_image","twitter_misc":{"Est. reading time":"2 minuuttia"},"schema":{"@context":"https:\/\/schema.org","@graph":[{"@type":"WebPage","@id":"https:\/\/www.boc.fi\/inspiration\/","url":"https:\/\/www.boc.fi\/inspiration\/","name":"Inspiraatio - Black Oxide Coatings","isPartOf":{"@id":"https:\/\/www.boc.fi\/#website"},"primaryImageOfPage":{"@id":"https:\/\/www.boc.fi\/inspiration\/#primaryimage"},"image":{"@id":"https:\/\/www.boc.fi\/inspiration\/#primaryimage"},"thumbnailUrl":"https:\/\/www.boc.fi\/wp-content\/uploads\/2023\/01\/huuva-messu-768x576.jpg","datePublished":"2021-03-04T08:40:48+00:00","dateModified":"2023-12-20T07:43:07+00:00","description":"Kemiallisen mustauksen ainutlaatuinen ulkon\u00e4k\u00f6 on vuosien varrella her\u00e4tt\u00e4nyt rakentajien, arkkitehtien ja suunnittelijoiden mielenkiinnon.","breadcrumb":{"@id":"https:\/\/www.boc.fi\/inspiration\/#breadcrumb"},"inLanguage":"fi","potentialAction":[{"@type":"ReadAction","target":["https:\/\/www.boc.fi\/inspiration\/"]}]},{"@type":"ImageObject","inLanguage":"fi","@id":"https:\/\/www.boc.fi\/inspiration\/#primaryimage","url":"https:\/\/www.boc.fi\/wp-content\/uploads\/2023\/01\/huuva-messu-768x576.jpg","contentUrl":"https:\/\/www.boc.fi\/wp-content\/uploads\/2023\/01\/huuva-messu-768x576.jpg"},{"@type":"BreadcrumbList","@id":"https:\/\/www.boc.fi\/inspiration\/#breadcrumb","itemListElement":[{"@type":"ListItem","position":1,"name":"Home","item":"https:\/\/www.boc.fi\/fi\/home\/"},{"@type":"ListItem","position":2,"name":"Inspiraatio"}]},{"@type":"WebSite","@id":"https:\/\/www.boc.fi\/#website","url":"https:\/\/www.boc.fi\/","name":"Black Oxide Coatings","description":"","potentialAction":[{"@type":"SearchAction","target":{"@type":"EntryPoint","urlTemplate":"https:\/\/www.boc.fi\/?s={search_term_string}"},"query-input":{"@type":"PropertyValueSpecification","valueRequired":true,"valueName":"search_term_string"}}],"inLanguage":"fi"}]}},"_links":{"self":[{"href":"https:\/\/www.boc.fi\/fi\/wp-json\/wp\/v2\/pages\/844","targetHints":{"allow":["GET"]}}],"collection":[{"href":"https:\/\/www.boc.fi\/fi\/wp-json\/wp\/v2\/pages"}],"about":[{"href":"https:\/\/www.boc.fi\/fi\/wp-json\/wp\/v2\/types\/page"}],"author":[{"embeddable":true,"href":"https:\/\/www.boc.fi\/fi\/wp-json\/wp\/v2\/users\/1"}],"replies":[{"embeddable":true,"href":"https:\/\/www.boc.fi\/fi\/wp-json\/wp\/v2\/comments?post=844"}],"version-history":[{"count":38,"href":"https:\/\/www.boc.fi\/fi\/wp-json\/wp\/v2\/pages\/844\/revisions"}],"predecessor-version":[{"id":2071,"href":"https:\/\/www.boc.fi\/fi\/wp-json\/wp\/v2\/pages\/844\/revisions\/2071"}],"wp:attachment":[{"href":"https:\/\/www.boc.fi\/fi\/wp-json\/wp\/v2\/media?parent=844"}],"curies":[{"name":"wp","href":"https:\/\/api.w.org\/{rel}","templated":true}]}}